{"id":111,"date":"2017-04-27T14:08:36","date_gmt":"2017-04-27T20:08:36","guid":{"rendered":"http:\/\/tdh.bianchi-herl.com.ar\/?page_id=111"},"modified":"2022-07-04T12:59:38","modified_gmt":"2022-07-04T18:59:38","slug":"inicio-2","status":"publish","type":"page","link":"https:\/\/www.tiempodehacer.org\/?page_id=111","title":{"rendered":"Qu\u00e9 hacemos"},"content":{"rendered":"<p><strong>Promoci\u00f3n Humana<\/strong><\/p>\n<p>En el Centro, buscamos la promoci\u00f3n humana de las madres a trav\u00e9s de los programas Educaci\u00f3n en la Salud y Alfabetizaci\u00f3n, y del dictado de diversos Talleres (Cocina Saludable, Manualidades, Costura, Peluquer\u00eda).<\/p>\n<p class=\"font_8\">Nuestro principal objetivo es acompa\u00f1arlas en el desarrollo de sus capacidades, brind\u00e1ndoles herramientas para aumentar su valor como personas, su autoestima, su seguridad, su relaci\u00f3n con sus pares y con su entorno, su sustento econ\u00f3mico y&nbsp;nuevas opciones para mejorar su futuro&nbsp;.<\/p>\n<p class=\"font_8\">Adem\u00e1s, buscamos:<\/p>\n<p class=\"font_8\" style=\"padding-left: 30px;\">Brindar un espacio de aprendizaje favorecedor de la autoestima.<\/p>\n<p class=\"font_8\" style=\"padding-left: 30px;\">Acompa\u00f1arlas en el desarrollo y en el empoderamiento de su rol de madres y mujeres.<\/p>\n<p class=\"font_8\" style=\"padding-left: 30px;\">Concientizar acerca de la relevancia del papel que ocupan dentro de sus familias y de su entorno; buscando una conexi\u00f3n entre sus necesidades y sus deseos, y as\u00ed mostrarles que son protagonistas de la vida que elijan para ellas y sus hijos.<\/p>\n<p class=\"font_8\" style=\"padding-left: 30px;\">Promover el encuentro con otras mujeres que transitan situaciones similares con quienes lograr identificarse, cohesionarse, compartir y fortalecerse en la relaci\u00f3n.<\/p>\n<p class=\"font_8\" style=\"padding-left: 30px;\">Forjar la creaci\u00f3n de un v\u00ednculo saludable con sus hijos.<\/p>\n<p class=\"font_8\"><strong><br \/>\nPrevenci\u00f3n de la Desnutrici\u00f3n<\/strong><\/p>\n<p class=\"font_8\">Los primeros a\u00f1os de la vida constituyen la fase m\u00e1s din\u00e1mica en el proceso de crecimiento y \u00e9ste resulta extremadamente vulnerable a las diferentes condiciones. Los d\u00e9ficits o excesos en el estado nutricional infantil est\u00e1n asociados a m\u00faltiples factores del ambiente en el que el ni\u00f1o vive desde su concepci\u00f3n.<\/p>\n<p class=\"font_8\"><span class=\"wixGuard\">\u200b<\/span>Durante este \u201cper\u00edodo cr\u00edtico\u201d, gracias a las caracter\u00edsticas del desarrollo cerebral, podemos intervenir positivamente: a nivel nutricional; a nivel familiar, fortaleciendo v\u00ednculos y lazos; y a nivel del desarrollo, estimulando al ni\u00f1o a nivel psico-afectivo y motor. De esta forma es posible revertir el da\u00f1o; pero pasado este per\u00edodo pueden quedar secuelas permanentes que dificultan la adaptaci\u00f3n a la sociedad, la habilidad emocional y el aprendizaje.<\/p>\n<p class=\"font_8\">En nuestro Centro, realizamos un abordaje integral de la problem\u00e1tica social que da origen a la extrema pobreza y su consecuencia directa: la Desnutrici\u00f3n.<\/p>\n<p class=\"font_8\">La educaci\u00f3n de la madre, como principal agente sanitario, es la base de todas las intervenciones que se desarrollan para la recuperaci\u00f3n del ni\u00f1o, y es a trav\u00e9s de ella que se busca la integraci\u00f3n de la familia y de la comunidad.<\/p>\n<p class=\"font_8\">Los beneficiarios directos son ni\u00f1os de 0 a 5 a\u00f1os de edad y sus madres, como as\u00ed tambi\u00e9n aquellas madres embarazadas. A ellas se les brindan diferentes actividades educativas que promueven e impulsen estilos de crianza saludables; potenciando los recursos individuales, familiares y sociales para la generaci\u00f3n de una cultura de protecci\u00f3n de los derechos de la infancia.<\/p>\n","protected":false},"excerpt":{"rendered":"<p>Promoci\u00f3n Humana En el Centro, buscamos la promoci\u00f3n humana de las madres a trav\u00e9s de los programas Educaci\u00f3n en la Salud y Alfabetizaci\u00f3n, y del dictado de diversos Talleres (Cocina Saludable, Manualidades, Costura, Peluquer\u00eda). Nuestro principal objetivo es acompa\u00f1arlas en el desarrollo de sus capacidades, brind\u00e1ndoles herramientas para aumentar su valor como personas, su autoestima, &hellip; <\/p>\n","protected":false},"author":1,"featured_media":2143,"parent":0,"menu_order":0,"comment_status":"closed","ping_status":"closed","template":"","meta":{"footnotes":""},"class_list":["post-111","page","type-page","status-publish","has-post-thumbnail","hentry"],"_links":{"self":[{"href":"https:\/\/www.tiempodehacer.org\/index.php?rest_route=\/wp\/v2\/pages\/111","targetHints":{"allow":["GET"]}}],"collection":[{"href":"https:\/\/www.tiempodehacer.org\/index.php?rest_route=\/wp\/v2\/pages"}],"about":[{"href":"https:\/\/www.tiempodehacer.org\/index.php?rest_route=\/wp\/v2\/types\/page"}],"author":[{"embeddable":true,"href":"https:\/\/www.tiempodehacer.org\/index.php?rest_route=\/wp\/v2\/users\/1"}],"replies":[{"embeddable":true,"href":"https:\/\/www.tiempodehacer.org\/index.php?rest_route=%2Fwp%2Fv2%2Fcomments&post=111"}],"version-history":[{"count":8,"href":"https:\/\/www.tiempodehacer.org\/index.php?rest_route=\/wp\/v2\/pages\/111\/revisions"}],"predecessor-version":[{"id":3263,"href":"https:\/\/www.tiempodehacer.org\/index.php?rest_route=\/wp\/v2\/pages\/111\/revisions\/3263"}],"wp:featuredmedia":[{"embeddable":true,"href":"https:\/\/www.tiempodehacer.org\/index.php?rest_route=\/wp\/v2\/media\/2143"}],"wp:attachment":[{"href":"https:\/\/www.tiempodehacer.org\/index.php?rest_route=%2Fwp%2Fv2%2Fmedia&parent=111"}],"curies":[{"name":"wp","href":"https:\/\/api.w.org\/{rel}","templated":true}]}}