{"id":2997,"date":"2020-08-17T17:22:43","date_gmt":"2020-08-17T23:22:43","guid":{"rendered":"http:\/\/www.tiempodehacer.org\/?page_id=2997"},"modified":"2022-06-27T12:46:59","modified_gmt":"2022-06-27T18:46:59","slug":"2997-2","status":"publish","type":"page","link":"https:\/\/www.tiempodehacer.org\/?page_id=2997","title":{"rendered":"Don\u00e1 Alimentos"},"content":{"rendered":"<p><strong>Campa\u00f1a de donaci\u00f3n de alimentos<\/strong><\/p>\n<p>Ayudanos a llevar un plato de comida a la mesa de nuestros ni\u00f1os.<\/p>\n<p>Tu aporte nos ayuda a formar los bolsones que entregamos a las familias semana tras semana.<\/p>\n<p>Sumate donando parte de los alimentos que se necesitan, o su equivalente en Pesos.<\/p>\n<table style=\"width: 100%; height: 645px;\">\n<tbody>\n<tr style=\"height: 23px;\">\n<td style=\"width: 12%; height: 23px;\"><strong>Una vez<\/strong><\/td>\n<td style=\"width: 12%; height: 23px;\"><strong>Aporte Mensual<\/strong><\/td>\n<td style=\"width: 30%; height: 23px;\"><strong>Alimentos aportados<\/strong><\/td>\n<\/tr>\n<tr style=\"height: 268px;\">\n<td style=\"width: 12%; text-align: center; height: 268px; color: #ff0000;\">1 vez $300<br \/>\n<script src=\"https:\/\/www.mercadopago.com.ar\/integrations\/v1\/web-payment-checkout.js\" data-preference-id=\"326465154-a483eb56-1f78-4ff2-81e2-cca94a820bd0\"><br \/>\n<\/script><\/td>\n<td style=\"width: 12%; text-align: center; height: 268px;\">\n<div class=\"wp-block-button\"><a class=\"wp-block-button__link\" href=\"http:\/\/mpago.la\/2gdXzSG\" target=\"Suscripci\u00f3n\" rel=\"noopener noreferrer\" style=\"color: #ff0000;\">$1200 por mes<\/a><\/div>\n<\/td>\n<td style=\"width: 30%; height: 268px;\"><img loading=\"lazy\" decoding=\"async\" class=\"aligncenter size-full wp-image-3001\" src=\"http:\/\/www.tiempodehacer.org\/wp-content\/uploads\/combo-1.png\" alt=\"\" width=\"250\" height=\"245\" srcset=\"https:\/\/www.tiempodehacer.org\/wp-content\/uploads\/combo-1.png 250w, https:\/\/www.tiempodehacer.org\/wp-content\/uploads\/combo-1-61x60.png 61w\" sizes=\"auto, (max-width: 250px) 100vw, 250px\" \/>botella aceite 900ml + paquete de fideos<\/td>\n<\/tr>\n<tr style=\"height: 274px;\">\n<td style=\"width: 12%; text-align: center; height: 274px; color: #ff0000;\">1 vez $600<br \/>\n<script src=\"https:\/\/www.mercadopago.com.ar\/integrations\/v1\/web-payment-checkout.js\" data-preference-id=\"326465154-d5551eb8-d3af-4cef-a0b3-db57e8133bf4\"><br \/>\n<\/script><\/td>\n<td style=\"width: 12%; text-align: center; height: 274px;\">\n<div class=\"wp-block-button\"><a class=\"wp-block-button__link\" href=\"http:\/\/mpago.la\/1nnR7NE\" target=\"Suscripci\u00f3n\" rel=\"noopener noreferrer\" style=\"color: #ff0000;\">$2400 por mes<\/a><\/div>\n<\/td>\n<td style=\"width: 30%; height: 274px;\"><img loading=\"lazy\" decoding=\"async\" class=\"aligncenter size-full wp-image-3002\" src=\"http:\/\/www.tiempodehacer.org\/wp-content\/uploads\/combo-2.png\" alt=\"\" width=\"245\" height=\"250\" srcset=\"https:\/\/www.tiempodehacer.org\/wp-content\/uploads\/combo-2.png 245w, https:\/\/www.tiempodehacer.org\/wp-content\/uploads\/combo-2-59x60.png 59w\" sizes=\"auto, (max-width: 245px) 100vw, 245px\" \/>botella de aceite 1.5lt + paq. Fideos+salsa de tomates+sobre queso<\/td>\n<\/tr>\n<tr style=\"height: 80px;\">\n<td style=\"width: 12%; text-align: center; height: 80px; color: #ff0000;\">1 vez $1500<br \/>\n<script src=\"https:\/\/www.mercadopago.com.ar\/integrations\/v1\/web-payment-checkout.js\" data-preference-id=\"326465154-99b7b1f4-8372-418f-bfa1-3e321d5b3542\"><br \/>\n<\/script><\/td>\n<td style=\"width: 12%; text-align: center; height: 80px;\">\n<div class=\"wp-block-button\"><a class=\"wp-block-button__link\" href=\"http:\/\/mpago.la\/219XmXr\" target=\"Suscripci\u00f3n\" rel=\"noopener noreferrer\" style=\"color: #ff0000;\">$6000 por mes<\/a><\/div>\n<\/td>\n<td style=\"width: 30%; height: 80px;\"><img loading=\"lazy\" decoding=\"async\" class=\"aligncenter size-full wp-image-3000\" src=\"http:\/\/www.tiempodehacer.org\/wp-content\/uploads\/combo-3.png\" alt=\"\" width=\"234\" height=\"250\" srcset=\"https:\/\/www.tiempodehacer.org\/wp-content\/uploads\/combo-3.png 234w, https:\/\/www.tiempodehacer.org\/wp-content\/uploads\/combo-3-56x60.png 56w\" sizes=\"auto, (max-width: 234px) 100vw, 234px\" \/><br \/>\nSancor Bebe1 &nbsp;800gr<\/td>\n<\/tr>\n<\/tbody>\n<\/table>\n","protected":false},"excerpt":{"rendered":"<p>Campa\u00f1a de donaci\u00f3n de alimentos Ayudanos a llevar un plato de comida a la mesa de nuestros ni\u00f1os. Tu aporte nos ayuda a formar los bolsones que entregamos a las familias semana tras semana. Sumate donando parte de los alimentos que se necesitan, o su equivalente en Pesos. Una vez Aporte Mensual Alimentos aportados 1 &hellip; <\/p>\n","protected":false},"author":1,"featured_media":0,"parent":0,"menu_order":0,"comment_status":"closed","ping_status":"closed","template":"","meta":{"footnotes":""},"class_list":["post-2997","page","type-page","status-publish","hentry"],"_links":{"self":[{"href":"https:\/\/www.tiempodehacer.org\/index.php?rest_route=\/wp\/v2\/pages\/2997","targetHints":{"allow":["GET"]}}],"collection":[{"href":"https:\/\/www.tiempodehacer.org\/index.php?rest_route=\/wp\/v2\/pages"}],"about":[{"href":"https:\/\/www.tiempodehacer.org\/index.php?rest_route=\/wp\/v2\/types\/page"}],"author":[{"embeddable":true,"href":"https:\/\/www.tiempodehacer.org\/index.php?rest_route=\/wp\/v2\/users\/1"}],"replies":[{"embeddable":true,"href":"https:\/\/www.tiempodehacer.org\/index.php?rest_route=%2Fwp%2Fv2%2Fcomments&post=2997"}],"version-history":[{"count":15,"href":"https:\/\/www.tiempodehacer.org\/index.php?rest_route=\/wp\/v2\/pages\/2997\/revisions"}],"predecessor-version":[{"id":3228,"href":"https:\/\/www.tiempodehacer.org\/index.php?rest_route=\/wp\/v2\/pages\/2997\/revisions\/3228"}],"wp:attachment":[{"href":"https:\/\/www.tiempodehacer.org\/index.php?rest_route=%2Fwp%2Fv2%2Fmedia&parent=2997"}],"curies":[{"name":"wp","href":"https:\/\/api.w.org\/{rel}","templated":true}]}}