{"id":8,"date":"2017-04-25T21:50:32","date_gmt":"2017-04-26T03:50:32","guid":{"rendered":"http:\/\/tdh.bianchi-herl.com.ar\/?page_id=8"},"modified":"2022-07-04T12:59:10","modified_gmt":"2022-07-04T18:59:10","slug":"acerca-de","status":"publish","type":"page","link":"https:\/\/www.tiempodehacer.org\/?page_id=8","title":{"rendered":"Qui\u00e9nes Somos"},"content":{"rendered":"<p class=\"font_8\"><span style=\"font-family: verdana, geneva, sans-serif;\">Un grupo de mujeres y varones que se capacita y trabaja para\u00a0<strong>erradicar la desnutrici\u00f3n infantil del Partido de Merlo<\/strong>.<\/span><\/p>\n<p><span style=\"font-family: verdana, geneva, sans-serif;\">En las primeras reuniones, cuando este proyecto era todav\u00eda un conjunto de ideas y de buenos prop\u00f3sitos, uno de nosotros clam\u00f3 resuelto:\u00a0es &#8220;Tiempo de Hacer&#8221;&#8230; Desde entonces, esa frase se convirti\u00f3 en gu\u00eda, en motor&#8230; y en nuestro nombre.<\/span><\/p>\n<p class=\"font_8\"><span style=\"font-family: verdana, geneva, sans-serif;\">Nos conmueve\u00a0que en la Argentina haya tantos ni\u00f1os con d\u00e9ficits nutricionales y de desarrollo. Por ello, hemos resuelto no quedamos de brazos cruzados y unirnos a la <strong>FAMILIA CONIN<\/strong>.<\/span><\/p>\n<p class=\"font_8\"><span style=\"font-family: verdana, geneva, sans-serif;\">Queremos una Naci\u00f3n con\u00a0igualdad de oportunidades\u00a0en donde todos puedan desplegar su potencial gen\u00e9tico y optar con libertad el camino a seguir.<\/span><\/p>\n<p class=\"font_8\"><span style=\"font-family: verdana, geneva, sans-serif;\">Creemos que para dar respuesta a\u00a0este complejo problema de la desnutrici\u00f3n infantil, es necesario abordarlo desde <strong>diversas \u00e1reas<\/strong>: de Pediatr\u00eda, de Nutrici\u00f3n, de Trabajo Social, de Educaci\u00f3n para la Salud, de Desarrollo Infantil, de Contenci\u00f3n y Promoci\u00f3n Humana, de Asistencia Alimentaria Suplementaria.<\/span><\/p>\n<p class=\"font_8\"><span style=\"font-family: verdana, geneva, sans-serif;\">Tambi\u00e9n creemos que <strong>aisladamente es imposible<\/strong> y que complementando esfuerzos, las acciones son m\u00e1s eficaces y rinden mayormente.<\/span><\/p>\n<p class=\"font_8\"><strong><span style=\"font-family: verdana, geneva, sans-serif;\">Estamos convencidos de que es el Tiempo de Hacer.<\/span><\/strong><\/p>\n","protected":false},"excerpt":{"rendered":"<p>Un grupo de mujeres y varones que se capacita y trabaja para\u00a0erradicar la desnutrici\u00f3n infantil del Partido de Merlo. En las primeras reuniones, cuando este proyecto era todav\u00eda un conjunto de ideas y de buenos prop\u00f3sitos, uno de nosotros clam\u00f3 resuelto:\u00a0es &#8220;Tiempo de Hacer&#8221;&#8230; Desde entonces, esa frase se convirti\u00f3 en gu\u00eda, en motor&#8230; y &hellip; <\/p>\n","protected":false},"author":1,"featured_media":1481,"parent":0,"menu_order":10,"comment_status":"closed","ping_status":"closed","template":"","meta":{"footnotes":""},"class_list":["post-8","page","type-page","status-publish","has-post-thumbnail","hentry"],"_links":{"self":[{"href":"https:\/\/www.tiempodehacer.org\/index.php?rest_route=\/wp\/v2\/pages\/8","targetHints":{"allow":["GET"]}}],"collection":[{"href":"https:\/\/www.tiempodehacer.org\/index.php?rest_route=\/wp\/v2\/pages"}],"about":[{"href":"https:\/\/www.tiempodehacer.org\/index.php?rest_route=\/wp\/v2\/types\/page"}],"author":[{"embeddable":true,"href":"https:\/\/www.tiempodehacer.org\/index.php?rest_route=\/wp\/v2\/users\/1"}],"replies":[{"embeddable":true,"href":"https:\/\/www.tiempodehacer.org\/index.php?rest_route=%2Fwp%2Fv2%2Fcomments&post=8"}],"version-history":[{"count":21,"href":"https:\/\/www.tiempodehacer.org\/index.php?rest_route=\/wp\/v2\/pages\/8\/revisions"}],"predecessor-version":[{"id":3262,"href":"https:\/\/www.tiempodehacer.org\/index.php?rest_route=\/wp\/v2\/pages\/8\/revisions\/3262"}],"wp:featuredmedia":[{"embeddable":true,"href":"https:\/\/www.tiempodehacer.org\/index.php?rest_route=\/wp\/v2\/media\/1481"}],"wp:attachment":[{"href":"https:\/\/www.tiempodehacer.org\/index.php?rest_route=%2Fwp%2Fv2%2Fmedia&parent=8"}],"curies":[{"name":"wp","href":"https:\/\/api.w.org\/{rel}","templated":true}]}}