{"id":9,"date":"2017-04-25T21:50:32","date_gmt":"2017-04-26T03:50:32","guid":{"rendered":"http:\/\/tdh.bianchi-herl.com.ar\/?page_id=9"},"modified":"2025-12-22T14:27:30","modified_gmt":"2025-12-22T20:27:30","slug":"contactanos","status":"publish","type":"page","link":"https:\/\/www.tiempodehacer.org\/?page_id=9","title":{"rendered":"\u00bfC\u00f3mo ayudar?"},"content":{"rendered":"<p><strong><span style=\"font-family: tahoma, arial, helvetica, sans-serif;\">Tenemos distintas formas en las que pod\u00e9s ayudarnos.<\/span><\/strong><\/p>\n<p><span style=\"font-family: tahoma, arial, helvetica, sans-serif;\">Si realizar\u00e1 una donaci\u00f3n<strong> desde el <\/strong><\/span><strong><span style=\"font-family: tahoma, arial, helvetica, sans-serif;\"><strong>e<\/strong>xterior de Argentina, utilizando tarjetas de cr\u00e9dito,<\/span><\/strong><span style=\"font-family: tahoma, arial, helvetica, sans-serif;\"> podr\u00e1 hacerlo a trav\u00e9s de Paypal, con las opciones que podr\u00e1 ver al presionar este bot\u00f3n<\/span><\/p>\n<div class=\"wp-block-button\" style=\"text-align: center;\"><a class=\"wp-block-button__link\" style=\"color: #ff0000;\" href=\"http:\/\/www.tiempodehacer.org\/?page_id=2901\" target=\"PayPal\" rel=\"noopener\">PayPal<\/a><\/div>\n<p><span style=\"font-family: tahoma, arial, helvetica, sans-serif;\"><br \/>\nPara aquellos <strong>en ARGENTINA<\/strong>, que quieran <strong>hacer un aporte <\/strong>y ser parte del trabajo que hacemos en CONIN Merlo, pueden colaborar con un aporte puntual o mensual considerando estos costos:<\/span><\/p>\n<ul>\n<li>1 paquete de Leche en polvo\u00a0 \u00a0 \u00a0 \u00a0 \u00a0 $ 8.000.-<\/li>\n<li>1 Bols\u00f3n Semanal\u00a0 \u00a0 \u00a0 \u00a0 \u00a0 \u00a0 \u00a0 \u00a0 \u00a0 \u00a0 \u00a0 \u00a0 \u00a0 \u00a0 \u00a0 \u00a0 \u00a0$ 28.000.-<\/li>\n<li>Leche maternizada\u00a0 \u00a0 \u00a0 \u00a0 \u00a0 \u00a0 \u00a0 \u00a0 \u00a0 \u00a0 \u00a0 \u00a0 \u00a0 \u00a0 \u00a0 \u00a0 $ 36.000.-<\/li>\n<li>Leche RR\u00a0 \u00a0 \u00a0 \u00a0 \u00a0 \u00a0 \u00a0 \u00a0 \u00a0 \u00a0 \u00a0 \u00a0 \u00a0 \u00a0 \u00a0 \u00a0 \u00a0 \u00a0 \u00a0 \u00a0 \u00a0 \u00a0 \u00a0 \u00a0 \u00a0 \u00a0 \u00a0 $ 41.000.-<\/li>\n<\/ul>\n<p>Recibimos sus aportes en Mercado Pago: alias\u00a0tiempodehacerasoc.mp<\/p>\n<p>O por transferencias:<\/p>\n<div><strong>BANCO GALICIA<\/strong><\/div>\n<div>Cuenta Corriente Pesos $ 10655-5 128-9<\/div>\n<div>CBU 0070128620000010655597<br \/>\n<span style=\"font-size: revert; color: initial;\">CUIT 30-71580487-1<br \/>\nAlias TDH.CONIN.MERLO<\/span><\/div>\n<p style=\"text-align: center;\"><b>PADRINAZGO<\/b><\/p>\n<p>Por favor acceda por <a href=\"https:\/\/www.tiempodehacer.org\/?page_id=71\">aqu\u00ed<\/a> a la p\u00e1gina donde podr\u00e1 ver toda la informaci\u00f3n sobre c\u00f3mo ayudarnos siendo el padrino de alguno de los ni\u00f1os que participan del programa Conin.<\/p>\n<blockquote class=\"wp-embedded-content\" data-secret=\"BxKvjQbVUX\"><p><a href=\"https:\/\/www.tiempodehacer.org\/?page_id=71\">Padrinazgo<\/a><\/p><\/blockquote>\n<p><iframe loading=\"lazy\" class=\"wp-embedded-content\" sandbox=\"allow-scripts\" security=\"restricted\" style=\"position: absolute; visibility: hidden;\" title=\"&#8220;Padrinazgo&#8221; &#8212; \" src=\"https:\/\/www.tiempodehacer.org\/?page_id=71&#038;embed=true#?secret=EI42qmOjGI#?secret=BxKvjQbVUX\" data-secret=\"BxKvjQbVUX\" width=\"600\" height=\"338\" frameborder=\"0\" marginwidth=\"0\" marginheight=\"0\" scrolling=\"no\"><\/iframe><\/p>\n<div>\n<p style=\"text-align: center;\">\n<p><img loading=\"lazy\" decoding=\"async\" class=\" wp-image-104 alignleft\" style=\"text-align: start;\" src=\"http:\/\/www.tiempodehacer.org\/wp-content\/uploads\/padrinazgo.jpg\" alt=\"\" width=\"133\" height=\"145\" \/><\/p>\n<p style=\"text-align: center;\"><strong>&#8220;Nombre con Nombre&#8221;<\/strong><\/p>\n<p class=\"font_6\" style=\"text-align: center;\">Pod\u00e9s convertirte en el Padrino de un ni\u00f1ito que concurre a nuestro CENTRO, afrontando parte o todo el costo de su recuperaci\u00f3n o mejor nutrici\u00f3n. De este modo, tu contribuci\u00f3n econ\u00f3mica tendr\u00e1 nombre y apellido&#8230; y ese afortunado ni\u00f1o o ni\u00f1a sabr\u00e1 qui\u00e9n lo rescat\u00f3 y vos podr\u00e1s ver c\u00f3mo evoluciona tu ahijadito\/a. M\u00e1s info en apartado <a href=\"http:\/\/www.tiempodehacer.org\/?page_id=71\">PADRINAZGO.<\/a><br \/>\n<a href=\"mailto:padrinazgo@tiempodehacer.org\">MAIL<\/a><\/p>\n<p style=\"text-align: center;\">\n<\/div>\n<p><span style=\"font-size: 12px;\"><strong><span style=\"font-family: helvetica, arial, sans-serif;\"><img loading=\"lazy\" decoding=\"async\" class=\"wp-image-105 alignleft\" src=\"http:\/\/www.tiempodehacer.org\/wp-content\/uploads\/Voluntariado.jpg\" alt=\"\" width=\"135\" height=\"146\" \/><\/span><\/strong><\/span><\/p>\n<p style=\"text-align: center;\"><strong>&#8220;Manos Entramadas&#8221;<\/strong>\u200b<\/p>\n<p class=\"font_8\" style=\"text-align: center;\">Cualquier mano que se extiende con la palma abierta y dispuesta sostiene nuestro hacer&#8230; y si se suma coordinadamente a otras manos extendidas, se entrelaza una red inquebrantable, capaz de sostener cualquier obra, incluso hasta la m\u00e1s descabellada. El CENTRO necesita de tu mano extendida. Sumate como voluntario. Te sorprender\u00e1 c\u00f3mo recibe m\u00e1s quien da.<br \/>\n<a href=\"mailto:voluntarios@tiempodehacer.org\">MAIL<\/a><\/p>\n<p><span style=\"color: #993366;\"><img loading=\"lazy\" decoding=\"async\" class=\"wp-image-102 alignleft\" src=\"http:\/\/www.tiempodehacer.org\/wp-content\/uploads\/Donaciones.jpg\" alt=\"\" width=\"134\" height=\"147\" \/><\/span><\/p>\n<p style=\"text-align: center;\"><strong>Con \u200bPoco se puede Mucho&#8221;<\/strong><\/p>\n<p class=\"font_8\" style=\"text-align: center;\">Adem\u00e1s de la Atenci\u00f3n Profesional Especializada, el Cronograma de Recuperaci\u00f3n y de los espacios de Promoci\u00f3n Humana (educaci\u00f3n, alfabetizaci\u00f3n, talleres), cada semana\u00a0entregamos \u00a0a la mam\u00e1 un\u00a0Bols\u00f3n de Alimentos por cada ni\u00f1o que participa del\u00a0\u200b\u200bPrograma.<br \/>\nTu aporte regular, por m\u00ednimo que sea, es mucha ayuda para el CENTRO.\u200b<br \/>\nPod\u00e9s ayudarnos con tu compromiso tambi\u00e9n,\u00a0acercando a nuestro CENTRO\u00a0alguno de estos\u00a0alimentos: Leche en Polvo\u00a0\u200b \/\u00a0Az\u00facar \/ Aceite \/ Fideos \/ Arroz \/ Polenta \/ Harina \/ Lentejas \/ Huevo en polvo\u200b<br \/>\n<a href=\"mailto:donantes@tiempodehacer.org\">MAIL<\/a><\/p>\n<p style=\"text-align: center;\">Si no est\u00e1 registrado, por favor dirigirse por mail a las direcciones de arriba para obtener m\u00e1s detalles sobre c\u00f3mo ayudar en cada rubro.<\/p>\n","protected":false},"excerpt":{"rendered":"<p>Tenemos distintas formas en las que pod\u00e9s ayudarnos. Si realizar\u00e1 una donaci\u00f3n desde el exterior de Argentina, utilizando tarjetas de cr\u00e9dito, podr\u00e1 hacerlo a trav\u00e9s de Paypal, con las opciones que podr\u00e1 ver al presionar este bot\u00f3n PayPal Para aquellos en ARGENTINA, que quieran hacer un aporte y ser parte del trabajo que hacemos en &hellip; <\/p>\n","protected":false},"author":1,"featured_media":2151,"parent":0,"menu_order":30,"comment_status":"closed","ping_status":"closed","template":"","meta":{"footnotes":""},"class_list":["post-9","page","type-page","status-publish","has-post-thumbnail","hentry"],"_links":{"self":[{"href":"https:\/\/www.tiempodehacer.org\/index.php?rest_route=\/wp\/v2\/pages\/9","targetHints":{"allow":["GET"]}}],"collection":[{"href":"https:\/\/www.tiempodehacer.org\/index.php?rest_route=\/wp\/v2\/pages"}],"about":[{"href":"https:\/\/www.tiempodehacer.org\/index.php?rest_route=\/wp\/v2\/types\/page"}],"author":[{"embeddable":true,"href":"https:\/\/www.tiempodehacer.org\/index.php?rest_route=\/wp\/v2\/users\/1"}],"replies":[{"embeddable":true,"href":"https:\/\/www.tiempodehacer.org\/index.php?rest_route=%2Fwp%2Fv2%2Fcomments&post=9"}],"version-history":[{"count":86,"href":"https:\/\/www.tiempodehacer.org\/index.php?rest_route=\/wp\/v2\/pages\/9\/revisions"}],"predecessor-version":[{"id":3601,"href":"https:\/\/www.tiempodehacer.org\/index.php?rest_route=\/wp\/v2\/pages\/9\/revisions\/3601"}],"wp:featuredmedia":[{"embeddable":true,"href":"https:\/\/www.tiempodehacer.org\/index.php?rest_route=\/wp\/v2\/media\/2151"}],"wp:attachment":[{"href":"https:\/\/www.tiempodehacer.org\/index.php?rest_route=%2Fwp%2Fv2%2Fmedia&parent=9"}],"curies":[{"name":"wp","href":"https:\/\/api.w.org\/{rel}","templated":true}]}}